{"id":253,"date":"2023-04-18T22:01:20","date_gmt":"2023-04-18T22:01:20","guid":{"rendered":"https:\/\/neupertvisual.ch\/wordpress\/?page_id=253"},"modified":"2023-05-21T19:05:53","modified_gmt":"2023-05-21T19:05:53","slug":"seite-1","status":"publish","type":"page","link":"https:\/\/neupertvisual.ch\/?page_id=253","title":{"rendered":"Seite 1"},"content":{"rendered":"\n<div class=\"wp-block-uagb-container uagb-block-9e8ac404 alignfull uagb-is-root-container\"><div class=\"uagb-container-inner-blocks-wrap\">\n<div class=\"wp-block-uagb-info-box uagb-block-650594f7 uagb-infobox__content-wrap  uagb-infobox-icon-above-title uagb-infobox-image-valign-top\"><div class=\"uagb-ifb-content\"><div class=\"uagb-ifb-title-wrap\"><h1 class=\"uagb-ifb-title\">This Is the Main Heading You Can Edit<\/h1><\/div><p class=\"uagb-ifb-desc\">Lorem ipsum dolor sit amet, consectetur adipiscing elit. Ut elit tellus, luctus nec ullamcorper mattis, pulvinar dapibus leo.<\/p><div class=\"uagb-ifb-button-wrapper wp-block-button\"><a href=\"#\" class=\"uagb-infobox-cta-link wp-block-button__link\" target=\"_self\" rel=\"noopener noreferrer\" onclick=\"return false;\" alt=\"\"><span class=\"uagb-inline-editing\">Call To Action<\/span><\/a><\/div><\/div><\/div>\n<\/div><\/div>\n\n\n\n<div class=\"wp-block-uagb-container uagb-block-eeefe404 alignfull uagb-is-root-container\"><div class=\"uagb-container-inner-blocks-wrap\">\n<div class=\"wp-block-uagb-info-box uagb-block-ba2e5a42 uagb-infobox__content-wrap  uagb-infobox-icon-above-title uagb-infobox-image-valign-top\"><div class=\"uagb-ifb-content\"><div class=\"uagb-ifb-title-wrap\"><h1 class=\"uagb-ifb-title\">This Is the Main Heading You Can Edit<\/h1><\/div><p class=\"uagb-ifb-desc\">Lorem ipsum dolor sit amet, consectetur adipiscing elit. Ut elit tellus, luctus nec ullamcorper mattis, pulvinar dapibus leo.<\/p><div class=\"uagb-ifb-button-wrapper wp-block-button\"><a href=\"#\" class=\"uagb-infobox-cta-link wp-block-button__link\" target=\"_self\" rel=\"noopener noreferrer\" onclick=\"return false;\" alt=\"\"><span class=\"uagb-inline-editing\">Call To Action<\/span><\/a><\/div><\/div><\/div>\n<\/div><\/div>\n\n\n\n<div class=\"wp-block-essential-blocks-slider alignfull\"><div class=\"eb-parent-wrapper eb-parent-eb-slider-e36573c \"><div class=\"eb-slider-wrapper eb-slider-e36573c\" data-settings=\"{&quot;arrows&quot;:true,&quot;adaptiveHeight&quot;:false,&quot;autoplay&quot;:true,&quot;autoplaySpeed&quot;:3000,&quot;dots&quot;:true,&quot;fade&quot;:false,&quot;infinite&quot;:true,&quot;pauseOnHover&quot;:true,&quot;slidesToShow&quot;:1,&quot;speed&quot;:500,&quot;initialSlide&quot;:0,&quot;vertical&quot;:false,&quot;responsive&quot;:[{&quot;breakpoint&quot;:1025,&quot;settings&quot;:{&quot;slidesToShow&quot;:1}},{&quot;breakpoint&quot;:767,&quot;settings&quot;:{&quot;slidesToShow&quot;:1}}]}\" data-images=\"[{&quot;url&quot;:&quot;https:\/\/neupertvisual.ch\/wp-content\/uploads\/2023\/02\/Jerusalem-in-snow-2.jpg&quot;,&quot;alt&quot;:&quot;&quot;,&quot;id&quot;:0,&quot;imageId&quot;:42,&quot;caption&quot;:&quot;&quot;,&quot;title&quot;:&quot;Slider 1&quot;,&quot;subtitle&quot;:&quot;Essential Blocks Slider Subtitle&quot;,&quot;showButton&quot;:true,&quot;buttonText&quot;:&quot;See More&quot;,&quot;buttonUrl&quot;:&quot;&quot;,&quot;openNewTab&quot;:false,&quot;isValidUrl&quot;:true},{&quot;url&quot;:&quot;https:\/\/neupertvisual.ch\/wp-content\/uploads\/2023\/02\/Adler-mit-Himmel.jpg&quot;,&quot;alt&quot;:&quot;&quot;,&quot;id&quot;:1,&quot;imageId&quot;:41,&quot;caption&quot;:&quot;&quot;,&quot;title&quot;:&quot;Slider 2&quot;,&quot;subtitle&quot;:&quot;Essential Blocks Slider Subtitle&quot;,&quot;showButton&quot;:true,&quot;buttonText&quot;:&quot;See More&quot;,&quot;buttonUrl&quot;:&quot;&quot;,&quot;openNewTab&quot;:false,&quot;isValidUrl&quot;:true},{&quot;url&quot;:&quot;https:\/\/neupertvisual.ch\/wp-content\/uploads\/2023\/02\/aerial-atoll-BB.jpg&quot;,&quot;alt&quot;:&quot;&quot;,&quot;id&quot;:2,&quot;imageId&quot;:39,&quot;caption&quot;:&quot;&quot;,&quot;title&quot;:&quot;Slider 3&quot;,&quot;subtitle&quot;:&quot;Essential Blocks Slider Subtitle&quot;,&quot;showButton&quot;:true,&quot;buttonText&quot;:&quot;See More&quot;,&quot;buttonUrl&quot;:&quot;&quot;,&quot;openNewTab&quot;:false,&quot;isValidUrl&quot;:true},{&quot;url&quot;:&quot;https:\/\/neupertvisual.ch\/wp-content\/uploads\/2023\/02\/Klippspringer-BB.jpg&quot;,&quot;alt&quot;:&quot;&quot;,&quot;id&quot;:3,&quot;imageId&quot;:38,&quot;caption&quot;:&quot;&quot;,&quot;title&quot;:&quot;Slider 4&quot;,&quot;subtitle&quot;:&quot;Essential Blocks Slider Subtitle&quot;,&quot;showButton&quot;:true,&quot;buttonText&quot;:&quot;See More&quot;,&quot;buttonUrl&quot;:&quot;&quot;,&quot;openNewTab&quot;:false,&quot;isValidUrl&quot;:true},{&quot;url&quot;:&quot;https:\/\/neupertvisual.ch\/wp-content\/uploads\/2023\/02\/wiesnslider.jpg&quot;,&quot;alt&quot;:&quot;&quot;,&quot;id&quot;:4,&quot;imageId&quot;:37,&quot;caption&quot;:&quot;&quot;,&quot;title&quot;:&quot;Slider 5&quot;,&quot;subtitle&quot;:&quot;Essential Blocks Slider Subtitle&quot;,&quot;showButton&quot;:true,&quot;buttonText&quot;:&quot;See More&quot;,&quot;buttonUrl&quot;:&quot;&quot;,&quot;openNewTab&quot;:false,&quot;isValidUrl&quot;:true},{&quot;url&quot;:&quot;https:\/\/neupertvisual.ch\/wp-content\/uploads\/2023\/02\/Jerusalem-aerial-BB.jpg&quot;,&quot;alt&quot;:&quot;&quot;,&quot;id&quot;:5,&quot;imageId&quot;:36,&quot;caption&quot;:&quot;&quot;,&quot;title&quot;:&quot;Slider 6&quot;,&quot;subtitle&quot;:&quot;Essential Blocks Slider Subtitle&quot;,&quot;showButton&quot;:true,&quot;buttonText&quot;:&quot;See More&quot;,&quot;buttonUrl&quot;:&quot;&quot;,&quot;openNewTab&quot;:false,&quot;isValidUrl&quot;:true},{&quot;url&quot;:&quot;https:\/\/neupertvisual.ch\/wp-content\/uploads\/2023\/02\/G0030026-BB.jpg&quot;,&quot;alt&quot;:&quot;&quot;,&quot;id&quot;:6,&quot;imageId&quot;:35,&quot;caption&quot;:&quot;&quot;,&quot;title&quot;:&quot;Slider 7&quot;,&quot;subtitle&quot;:&quot;Essential Blocks Slider Subtitle&quot;,&quot;showButton&quot;:true,&quot;buttonText&quot;:&quot;See More&quot;,&quot;buttonUrl&quot;:&quot;&quot;,&quot;openNewTab&quot;:false,&quot;isValidUrl&quot;:true}]\" data-slidercontenttype=\"content-1\" data-slidertype=\"image\" data-textalign=\"left\"><div class=\"image\"><div class=\"eb-slider-item content-1\"><img decoding=\"async\" class=\"eb-slider-image\" src=\"https:\/\/neupertvisual.ch\/wp-content\/uploads\/2023\/02\/Jerusalem-in-snow-2.jpg\"><\/div><div class=\"eb-slider-item content-1\"><img decoding=\"async\" class=\"eb-slider-image\" src=\"https:\/\/neupertvisual.ch\/wp-content\/uploads\/2023\/02\/Adler-mit-Himmel.jpg\"><\/div><div class=\"eb-slider-item content-1\"><img decoding=\"async\" class=\"eb-slider-image\" src=\"https:\/\/neupertvisual.ch\/wp-content\/uploads\/2023\/02\/aerial-atoll-BB.jpg\"><\/div><div class=\"eb-slider-item content-1\"><img decoding=\"async\" class=\"eb-slider-image\" src=\"https:\/\/neupertvisual.ch\/wp-content\/uploads\/2023\/02\/Klippspringer-BB.jpg\"><\/div><div class=\"eb-slider-item content-1\"><img decoding=\"async\" class=\"eb-slider-image\" src=\"https:\/\/neupertvisual.ch\/wp-content\/uploads\/2023\/02\/wiesnslider.jpg\"><\/div><div class=\"eb-slider-item content-1\"><img decoding=\"async\" class=\"eb-slider-image\" src=\"https:\/\/neupertvisual.ch\/wp-content\/uploads\/2023\/02\/Jerusalem-aerial-BB.jpg\"><\/div><div class=\"eb-slider-item content-1\"><img decoding=\"async\" class=\"eb-slider-image\" src=\"https:\/\/neupertvisual.ch\/wp-content\/uploads\/2023\/02\/G0030026-BB.jpg\"><\/div><\/div><\/div><\/div><\/div>\n\n\n\n<div class=\"wp-block-media-text alignwide is-stacked-on-mobile is-vertically-aligned-center\" data-block-type=\"core\"><figure class=\"wp-block-media-text__media\"><img loading=\"lazy\" decoding=\"async\" width=\"822\" height=\"548\" src=\"https:\/\/neupertvisual.ch\/wp-content\/uploads\/2023\/02\/DSC04321-copy.jpg\" alt=\"\" class=\"wp-image-24 size-full\" srcset=\"https:\/\/neupertvisual.ch\r\n\/wp-content\/uploads\/2023\/02\/DSC04321-copy.jpg 822w, https:\/\/neupertvisual.ch\r\n\/wp-content\/uploads\/2023\/02\/DSC04321-copy-300x200.jpg 300w, https:\/\/neupertvisual.ch\r\n\/wp-content\/uploads\/2023\/02\/DSC04321-copy-768x512.jpg 768w\" sizes=\"auto, (max-width: 822px) 100vw, 822px\" \/><\/figure><div class=\"wp-block-media-text__content\">\n<h2 class=\"wp-block-heading\" data-block-type=\"core\">DYNAMISCHE MEDIEN<\/h2>\n\n\n\n<p><em>bis 4K, 3D in Full HD, Multicam&nbsp;&nbsp;<\/em><\/p>\n\n\n\n<p>Kamera, Schnitt,<br>Konzept: Firmenvideos<br>Luftaufnahmen, 3D,<br>Auff\u00fchrungen, Events, Interviews, Portraits,<br>Lernvideos, Musikclips<\/p>\n<\/div><\/div>\n\n\n\n<div class=\"wp-block-media-text alignwide has-media-on-the-right is-stacked-on-mobile\" data-block-type=\"core\"><div class=\"wp-block-media-text__content\">\n<h2 class=\"wp-block-heading\" data-block-type=\"core\">PRINTMEDIEN<\/h2>\n\n\n\n<p><em>vom Design bis zur Druckvorstufe<\/em><br>&nbsp;<\/p>\n\n\n\n<p>Magazine,&nbsp;Brosch\u00fcren, Flyer,<br>Visitenkarten, Briefschaft,<br>Logos, Kalender,<br>Poster, etc.<\/p>\n<\/div><figure class=\"wp-block-media-text__media\"><img loading=\"lazy\" decoding=\"async\" width=\"1024\" height=\"729\" src=\"https:\/\/neupertvisual.ch\/wp-content\/uploads\/2023\/02\/El-Colle-1024x729.jpg\" alt=\"\" class=\"wp-image-25 size-full\" srcset=\"https:\/\/neupertvisual.ch\r\n\/wp-content\/uploads\/2023\/02\/El-Colle-1024x729.jpg 1024w, https:\/\/neupertvisual.ch\r\n\/wp-content\/uploads\/2023\/02\/El-Colle-300x214.jpg 300w, https:\/\/neupertvisual.ch\r\n\/wp-content\/uploads\/2023\/02\/El-Colle-768x547.jpg 768w, https:\/\/neupertvisual.ch\r\n\/wp-content\/uploads\/2023\/02\/El-Colle.jpg 1422w\" sizes=\"auto, (max-width: 1024px) 100vw, 1024px\" \/><\/figure><\/div>\n\n\n\n<div class=\"wp-block-media-text alignwide is-stacked-on-mobile\" data-block-type=\"core\"><figure class=\"wp-block-media-text__media\"><img loading=\"lazy\" decoding=\"async\" width=\"800\" height=\"450\" src=\"https:\/\/neupertvisual.ch\/wp-content\/uploads\/2023\/02\/Ausstellung.jpg\" alt=\"\" class=\"wp-image-26 size-full\" srcset=\"https:\/\/neupertvisual.ch\r\n\/wp-content\/uploads\/2023\/02\/Ausstellung.jpg 800w, https:\/\/neupertvisual.ch\r\n\/wp-content\/uploads\/2023\/02\/Ausstellung-300x169.jpg 300w, https:\/\/neupertvisual.ch\r\n\/wp-content\/uploads\/2023\/02\/Ausstellung-768x432.jpg 768w\" sizes=\"auto, (max-width: 800px) 100vw, 800px\" \/><\/figure><div class=\"wp-block-media-text__content\">\n<h2 class=\"wp-block-heading\" data-block-type=\"core\">PR\u00c4SENTATIONEN<\/h2>\n\n\n\n<p><em>Design und&nbsp;Layout&nbsp;<\/em><\/p>\n\n\n\n<p>Powerpoint, Keynote, InDesign<br><br>f\u00fcr&nbsp;Druck&nbsp;oder Projektion<\/p>\n<\/div><\/div>\n\n\n\n<div class=\"wp-block-media-text alignwide has-media-on-the-right is-stacked-on-mobile\" data-block-type=\"core\"><div class=\"wp-block-media-text__content\">\n<h2 class=\"wp-block-heading\" data-block-type=\"core\">FOTOGRAFIE<\/h2>\n\n\n\n<p><em>selber, in Auftrag, oder von bestehendem Archiv<\/em><\/p>\n\n\n\n<p>Luftfotografie, Natur, Bildkompositionen, Poster, Kalender, Events, Liegen-schaften, Klassenfotos&nbsp;<br>f\u00fcr Schulen oder privat,<br>Archiv, Infrarot-Aufnahmen<\/p>\n<\/div><figure class=\"wp-block-media-text__media\"><img loading=\"lazy\" decoding=\"async\" width=\"1024\" height=\"608\" src=\"https:\/\/neupertvisual.ch\/wp-content\/uploads\/2023\/02\/Matterhorn-1024x608.jpg\" alt=\"\" class=\"wp-image-27 size-full\" srcset=\"https:\/\/neupertvisual.ch\r\n\/wp-content\/uploads\/2023\/02\/Matterhorn-1024x608.jpg 1024w, https:\/\/neupertvisual.ch\r\n\/wp-content\/uploads\/2023\/02\/Matterhorn-300x178.jpg 300w, https:\/\/neupertvisual.ch\r\n\/wp-content\/uploads\/2023\/02\/Matterhorn-768x456.jpg 768w, https:\/\/neupertvisual.ch\r\n\/wp-content\/uploads\/2023\/02\/Matterhorn-1536x912.jpg 1536w, https:\/\/neupertvisual.ch\r\n\/wp-content\/uploads\/2023\/02\/Matterhorn.jpg 1688w\" sizes=\"auto, (max-width: 1024px) 100vw, 1024px\" \/><\/figure><\/div>\n\n\n\n<div class=\"wp-block-stackable-horizontal-scroller stk-block-horizontal-scroller stk-block stk-1f8ab6e\" data-block-id=\"1f8ab6e\"><style>.stk-1f8ab6e-horizontal-scroller{--stk-column-width:100% !important;--stk-column-height:134px !important}<\/style><div class=\"stk-row stk-inner-blocks stk-block-content stk-content-align stk-1f8ab6e-horizontal-scroller\">\n<div class=\"wp-block-stackable-column stk-block-column stk-column stk-block stk-81653b6\" data-v=\"4\" data-block-id=\"81653b6\"><style>.stk-81653b6{align-items:center !important;padding-top:0px !important;padding-right:0px !important;padding-bottom:0px !important;padding-left:0px !important;display:flex !important}<\/style><div class=\"stk-column-wrapper stk-block-column__content stk-container stk-81653b6-container stk--no-background stk--no-padding\"><div class=\"stk-block-content stk-inner-blocks stk-81653b6-inner-blocks\"><\/div><\/div><\/div>\n\n\n\n<div class=\"wp-block-stackable-column stk-block-column stk-column stk-block stk-5b9a843\" data-v=\"4\" data-block-id=\"5b9a843\"><div class=\"stk-column-wrapper stk-block-column__content stk-container stk-5b9a843-container stk--no-background stk--no-padding\"><div class=\"stk-block-content stk-inner-blocks stk-5b9a843-inner-blocks\"><\/div><\/div><\/div>\n\n\n\n<div class=\"wp-block-stackable-column stk-block-column stk-column stk-block stk-d284cc8\" data-v=\"4\" data-block-id=\"d284cc8\"><div class=\"stk-column-wrapper stk-block-column__content stk-container stk-d284cc8-container stk--no-background stk--no-padding\"><div class=\"stk-block-content stk-inner-blocks stk-d284cc8-inner-blocks\"><\/div><\/div><\/div>\n<\/div><\/div>\n","protected":false},"excerpt":{"rendered":"<p>DYNAMISCHE MEDIEN bis 4K, 3D in Full HD, Multicam&nbsp;&nbsp; Kamera, Schnitt,Konzept: FirmenvideosLuftaufnahmen, 3D,Auff\u00fchrungen, Events, Interviews, Portraits,Lernvideos, Musikclips PRINTMEDIEN vom Design bis zur Druckvorstufe&nbsp; Magazine,&nbsp;Brosch\u00fcren, Flyer,Visitenkarten, Briefschaft,Logos, Kalender,Poster, etc. PR\u00c4SENTATIONEN Design und&nbsp;Layout&nbsp; Powerpoint, Keynote, InDesign f\u00fcr&nbsp;Druck&nbsp;oder Projektion FOTOGRAFIE selber, in Auftrag, oder von bestehendem Archiv Luftfotografie, Natur, Bildkompositionen, Poster, Kalender, Events, Liegen-schaften, Klassenfotos&nbsp;f\u00fcr Schulen oder privat,Archiv, [&hellip;]<\/p>\n","protected":false},"author":1,"featured_media":0,"parent":0,"menu_order":0,"comment_status":"closed","ping_status":"closed","template":"","meta":{"_uag_custom_page_level_css":"","footnotes":""},"class_list":["post-253","page","type-page","status-publish","hentry"],"blocksy_meta":[],"yoast_head":"<!-- This site is optimized with the Yoast SEO plugin v27.4 - https:\/\/yoast.com\/product\/yoast-seo-wordpress\/ -->\n<title>Seite 1 -<\/title>\n<meta name=\"robots\" content=\"index, follow, max-snippet:-1, max-image-preview:large, max-video-preview:-1\" \/>\n<link rel=\"canonical\" href=\"https:\/\/neupertvisual.ch\/?page_id=253\" \/>\n<meta property=\"og:locale\" content=\"de_DE\" \/>\n<meta property=\"og:type\" content=\"article\" \/>\n<meta property=\"og:title\" content=\"Seite 1 -\" \/>\n<meta property=\"og:description\" content=\"DYNAMISCHE MEDIEN bis 4K, 3D in Full HD, Multicam&nbsp;&nbsp; Kamera, Schnitt,Konzept: FirmenvideosLuftaufnahmen, 3D,Auff\u00fchrungen, Events, Interviews, Portraits,Lernvideos, Musikclips PRINTMEDIEN vom Design bis zur Druckvorstufe&nbsp; Magazine,&nbsp;Brosch\u00fcren, Flyer,Visitenkarten, Briefschaft,Logos, Kalender,Poster, etc. PR\u00c4SENTATIONEN Design und&nbsp;Layout&nbsp; Powerpoint, Keynote, InDesign f\u00fcr&nbsp;Druck&nbsp;oder Projektion FOTOGRAFIE selber, in Auftrag, oder von bestehendem Archiv Luftfotografie, Natur, Bildkompositionen, Poster, Kalender, Events, Liegen-schaften, Klassenfotos&nbsp;f\u00fcr Schulen oder privat,Archiv, [&hellip;]\" \/>\n<meta property=\"og:url\" content=\"https:\/\/neupertvisual.ch\/?page_id=253\" \/>\n<meta property=\"article:modified_time\" content=\"2023-05-21T19:05:53+00:00\" \/>\n<meta property=\"og:image\" content=\"https:\/\/neupertvisual.ch\/wp-content\/uploads\/2023\/02\/Jerusalem-in-snow-2.jpg\" \/>\n<meta name=\"twitter:card\" content=\"summary_large_image\" \/>\n<meta name=\"twitter:label1\" content=\"Gesch\u00e4tzte Lesezeit\" \/>\n\t<meta name=\"twitter:data1\" content=\"3\u00a0Minuten\" \/>\n<script type=\"application\/ld+json\" class=\"yoast-schema-graph\">{\"@context\":\"https:\\\/\\\/schema.org\",\"@graph\":[{\"@type\":\"WebPage\",\"@id\":\"https:\\\/\\\/neupertvisual.ch\\\/?page_id=253\",\"url\":\"https:\\\/\\\/neupertvisual.ch\\\/?page_id=253\",\"name\":\"Seite 1 -\",\"isPartOf\":{\"@id\":\"https:\\\/\\\/neupertvisual.ch\\\/#website\"},\"primaryImageOfPage\":{\"@id\":\"https:\\\/\\\/neupertvisual.ch\\\/?page_id=253#primaryimage\"},\"image\":{\"@id\":\"https:\\\/\\\/neupertvisual.ch\\\/?page_id=253#primaryimage\"},\"thumbnailUrl\":\"https:\\\/\\\/neupertvisual.ch\\\/wp-content\\\/uploads\\\/2023\\\/02\\\/Jerusalem-in-snow-2.jpg\",\"datePublished\":\"2023-04-18T22:01:20+00:00\",\"dateModified\":\"2023-05-21T19:05:53+00:00\",\"breadcrumb\":{\"@id\":\"https:\\\/\\\/neupertvisual.ch\\\/?page_id=253#breadcrumb\"},\"inLanguage\":\"de\",\"potentialAction\":[{\"@type\":\"ReadAction\",\"target\":[\"https:\\\/\\\/neupertvisual.ch\\\/?page_id=253\"]}]},{\"@type\":\"ImageObject\",\"inLanguage\":\"de\",\"@id\":\"https:\\\/\\\/neupertvisual.ch\\\/?page_id=253#primaryimage\",\"url\":\"https:\\\/\\\/neupertvisual.ch\\r\\n\\\/wp-content\\\/uploads\\\/2023\\\/02\\\/Jerusalem-in-snow-2.jpg\",\"contentUrl\":\"https:\\\/\\\/neupertvisual.ch\\r\\n\\\/wp-content\\\/uploads\\\/2023\\\/02\\\/Jerusalem-in-snow-2.jpg\",\"width\":1688,\"height\":1002},{\"@type\":\"BreadcrumbList\",\"@id\":\"https:\\\/\\\/neupertvisual.ch\\\/?page_id=253#breadcrumb\",\"itemListElement\":[{\"@type\":\"ListItem\",\"position\":1,\"name\":\"Startseite\",\"item\":\"https:\\\/\\\/neupertvisual.ch\\\/\"},{\"@type\":\"ListItem\",\"position\":2,\"name\":\"Seite 1\"}]},{\"@type\":\"WebSite\",\"@id\":\"https:\\\/\\\/neupertvisual.ch\\\/#website\",\"url\":\"https:\\\/\\\/neupertvisual.ch\\\/\",\"name\":\"\",\"description\":\"\",\"potentialAction\":[{\"@type\":\"SearchAction\",\"target\":{\"@type\":\"EntryPoint\",\"urlTemplate\":\"https:\\\/\\\/neupertvisual.ch\\\/?s={search_term_string}\"},\"query-input\":{\"@type\":\"PropertyValueSpecification\",\"valueRequired\":true,\"valueName\":\"search_term_string\"}}],\"inLanguage\":\"de\"}]}<\/script>\n<!-- \/ Yoast SEO plugin. -->","yoast_head_json":{"title":"Seite 1 -","robots":{"index":"index","follow":"follow","max-snippet":"max-snippet:-1","max-image-preview":"max-image-preview:large","max-video-preview":"max-video-preview:-1"},"canonical":"https:\/\/neupertvisual.ch\/?page_id=253","og_locale":"de_DE","og_type":"article","og_title":"Seite 1 -","og_description":"DYNAMISCHE MEDIEN bis 4K, 3D in Full HD, Multicam&nbsp;&nbsp; Kamera, Schnitt,Konzept: FirmenvideosLuftaufnahmen, 3D,Auff\u00fchrungen, Events, Interviews, Portraits,Lernvideos, Musikclips PRINTMEDIEN vom Design bis zur Druckvorstufe&nbsp; Magazine,&nbsp;Brosch\u00fcren, Flyer,Visitenkarten, Briefschaft,Logos, Kalender,Poster, etc. PR\u00c4SENTATIONEN Design und&nbsp;Layout&nbsp; Powerpoint, Keynote, InDesign f\u00fcr&nbsp;Druck&nbsp;oder Projektion FOTOGRAFIE selber, in Auftrag, oder von bestehendem Archiv Luftfotografie, Natur, Bildkompositionen, Poster, Kalender, Events, Liegen-schaften, Klassenfotos&nbsp;f\u00fcr Schulen oder privat,Archiv, [&hellip;]","og_url":"https:\/\/neupertvisual.ch\/?page_id=253","article_modified_time":"2023-05-21T19:05:53+00:00","og_image":[{"url":"https:\/\/neupertvisual.ch\/wp-content\/uploads\/2023\/02\/Jerusalem-in-snow-2.jpg","type":"","width":"","height":""}],"twitter_card":"summary_large_image","twitter_misc":{"Gesch\u00e4tzte Lesezeit":"3\u00a0Minuten"},"schema":{"@context":"https:\/\/schema.org","@graph":[{"@type":"WebPage","@id":"https:\/\/neupertvisual.ch\/?page_id=253","url":"https:\/\/neupertvisual.ch\/?page_id=253","name":"Seite 1 -","isPartOf":{"@id":"https:\/\/neupertvisual.ch\/#website"},"primaryImageOfPage":{"@id":"https:\/\/neupertvisual.ch\/?page_id=253#primaryimage"},"image":{"@id":"https:\/\/neupertvisual.ch\/?page_id=253#primaryimage"},"thumbnailUrl":"https:\/\/neupertvisual.ch\/wp-content\/uploads\/2023\/02\/Jerusalem-in-snow-2.jpg","datePublished":"2023-04-18T22:01:20+00:00","dateModified":"2023-05-21T19:05:53+00:00","breadcrumb":{"@id":"https:\/\/neupertvisual.ch\/?page_id=253#breadcrumb"},"inLanguage":"de","potentialAction":[{"@type":"ReadAction","target":["https:\/\/neupertvisual.ch\/?page_id=253"]}]},{"@type":"ImageObject","inLanguage":"de","@id":"https:\/\/neupertvisual.ch\/?page_id=253#primaryimage","url":"https:\/\/neupertvisual.ch\r\n\/wp-content\/uploads\/2023\/02\/Jerusalem-in-snow-2.jpg","contentUrl":"https:\/\/neupertvisual.ch\r\n\/wp-content\/uploads\/2023\/02\/Jerusalem-in-snow-2.jpg","width":1688,"height":1002},{"@type":"BreadcrumbList","@id":"https:\/\/neupertvisual.ch\/?page_id=253#breadcrumb","itemListElement":[{"@type":"ListItem","position":1,"name":"Startseite","item":"https:\/\/neupertvisual.ch\/"},{"@type":"ListItem","position":2,"name":"Seite 1"}]},{"@type":"WebSite","@id":"https:\/\/neupertvisual.ch\/#website","url":"https:\/\/neupertvisual.ch\/","name":"","description":"","potentialAction":[{"@type":"SearchAction","target":{"@type":"EntryPoint","urlTemplate":"https:\/\/neupertvisual.ch\/?s={search_term_string}"},"query-input":{"@type":"PropertyValueSpecification","valueRequired":true,"valueName":"search_term_string"}}],"inLanguage":"de"}]}},"uagb_featured_image_src":{"full":false,"thumbnail":false,"medium":false,"medium_large":false,"large":false,"1536x1536":false,"2048x2048":false},"uagb_author_info":{"display_name":"admin","author_link":"https:\/\/neupertvisual.ch\/?author=1"},"uagb_comment_info":0,"uagb_excerpt":"DYNAMISCHE MEDIEN bis 4K, 3D in Full HD, Multicam&nbsp;&nbsp; Kamera, Schnitt,Konzept: FirmenvideosLuftaufnahmen, 3D,Auff\u00fchrungen, Events, Interviews, Portraits,Lernvideos, Musikclips PRINTMEDIEN vom Design bis zur Druckvorstufe&nbsp; Magazine,&nbsp;Brosch\u00fcren, Flyer,Visitenkarten, Briefschaft,Logos, Kalender,Poster, etc. PR\u00c4SENTATIONEN Design und&nbsp;Layout&nbsp; Powerpoint, Keynote, InDesign f\u00fcr&nbsp;Druck&nbsp;oder Projektion FOTOGRAFIE selber, in Auftrag, oder von bestehendem Archiv Luftfotografie, Natur, Bildkompositionen, Poster, Kalender, Events, Liegen-schaften, Klassenfotos&nbsp;f\u00fcr Schulen oder privat,Archiv,&hellip;","_links":{"self":[{"href":"https:\/\/neupertvisual.ch\/index.php?rest_route=\/wp\/v2\/pages\/253","targetHints":{"allow":["GET"]}}],"collection":[{"href":"https:\/\/neupertvisual.ch\/index.php?rest_route=\/wp\/v2\/pages"}],"about":[{"href":"https:\/\/neupertvisual.ch\/index.php?rest_route=\/wp\/v2\/types\/page"}],"author":[{"embeddable":true,"href":"https:\/\/neupertvisual.ch\/index.php?rest_route=\/wp\/v2\/users\/1"}],"replies":[{"embeddable":true,"href":"https:\/\/neupertvisual.ch\/index.php?rest_route=%2Fwp%2Fv2%2Fcomments&post=253"}],"version-history":[{"count":3,"href":"https:\/\/neupertvisual.ch\/index.php?rest_route=\/wp\/v2\/pages\/253\/revisions"}],"predecessor-version":[{"id":420,"href":"https:\/\/neupertvisual.ch\/index.php?rest_route=\/wp\/v2\/pages\/253\/revisions\/420"}],"wp:attachment":[{"href":"https:\/\/neupertvisual.ch\/index.php?rest_route=%2Fwp%2Fv2%2Fmedia&parent=253"}],"curies":[{"name":"wp","href":"https:\/\/api.w.org\/{rel}","templated":true}]}}