{"id":22,"date":"2023-02-26T07:08:37","date_gmt":"2023-02-26T07:08:37","guid":{"rendered":"https:\/\/neupertvisual.ch\/wordpress\/?page_id=22"},"modified":"2023-07-13T14:16:34","modified_gmt":"2023-07-13T14:16:34","slug":"angebot","status":"publish","type":"page","link":"https:\/\/neupertvisual.ch\/","title":{"rendered":"Angebot"},"content":{"rendered":"\n<div class=\"wp-block-columns alignfull is-layout-flex wp-container-core-columns-is-layout-763660d3 wp-block-columns-is-layout-flex\" style=\"margin-top:0px;margin-bottom:0px;padding-top:0px;padding-right:0px;padding-bottom:0px;padding-left:0px\" data-block-type=\"core\">\n<div class=\"wp-block-column is-layout-flow wp-container-core-column-is-layout-eef95d05 wp-block-column-is-layout-flow\" style=\"padding-top:0px;padding-right:0px;padding-bottom:0px;padding-left:0px;flex-basis:100%\" data-block-type=\"core\">\n<div class=\"wp-block-uagb-slider uagb-block-e033f9ea uagb-slider-container\"><div class=\"uagb-slides uagb-swiper\"><div class=\"swiper-wrapper\">\n<div class=\"wp-block-uagb-slider-child uagb-slider-child-wrap swiper-slide uagb-block-93251474\"><div class=\"swiper-content\">\n<div class=\"wp-block-columns is-layout-flex wp-container-core-columns-is-layout-28f84493 wp-block-columns-is-layout-flex\" data-block-type=\"core\">\n<div class=\"wp-block-column is-layout-flow wp-block-column-is-layout-flow\" style=\"flex-basis:15%\" data-block-type=\"core\"><\/div>\n\n\n\n<div class=\"wp-block-column is-vertically-aligned-center is-layout-flow wp-block-column-is-layout-flow\" style=\"flex-basis:300px\" data-block-type=\"core\"><\/div>\n\n\n\n<div class=\"wp-block-column is-layout-constrained wp-block-column-is-layout-constrained\" data-block-type=\"core\"><\/div>\n\n\n\n<div class=\"wp-block-column is-layout-constrained wp-block-column-is-layout-constrained\" data-block-type=\"core\">\n<div class=\"wp-block-uagb-container uagb-block-73a06414 alignfull uagb-is-root-container\"><div class=\"uagb-container-inner-blocks-wrap\">\n<h3 class=\"wp-block-heading\" data-block-type=\"core\">Tierwelt<\/h3>\n<\/div><\/div>\n\n\n\n<p><\/p>\n<\/div>\n<\/div>\n<\/div><\/div>\n\n\n\n<div class=\"wp-block-uagb-slider-child uagb-slider-child-wrap swiper-slide uagb-block-64be9930\"><div class=\"swiper-content\">\n<div class=\"wp-block-columns is-layout-flex wp-container-core-columns-is-layout-28f84493 wp-block-columns-is-layout-flex\" data-block-type=\"core\">\n<div class=\"wp-block-column is-layout-flow wp-block-column-is-layout-flow\" style=\"flex-basis:15%\" data-block-type=\"core\"><\/div>\n\n\n\n<div class=\"wp-block-column is-vertically-aligned-center is-layout-flow wp-block-column-is-layout-flow\" style=\"flex-basis:300px\" data-block-type=\"core\"><\/div>\n\n\n\n<div class=\"wp-block-column is-layout-constrained wp-block-column-is-layout-constrained\" data-block-type=\"core\"><\/div>\n\n\n\n<div class=\"wp-block-column is-layout-constrained wp-block-column-is-layout-constrained\" data-block-type=\"core\">\n<div class=\"wp-block-uagb-container uagb-block-25e62346 alignfull uagb-is-root-container\"><div class=\"uagb-container-inner-blocks-wrap\">\n<div data-aos= \"slide-left\" data-aos-duration=\"400\" data-aos-delay=\"0\" data-aos-easing=\"ease\" data-aos-once=\"true\" class=\"wp-block-uagb-info-box uagb-block-bf15cfa7 uagb-infobox__content-wrap  uagb-infobox_cta-type-all uagb-infobox-icon-above-title uagb-infobox-image-valign-top\"><a href=\"\" class=\"uagb-infobox-link-wrap uagb-infbox__link-to-all\" target=\"_self\" aria-label=\"Infobox Link\" rel=\"noopener noreferrer\" onclick=\"return false;\"><\/a><div class=\"uagb-ifb-content\"><div class=\"uagb-ifb-title-wrap\"><h3 class=\"uagb-ifb-title\">Historische Orte<\/h3><\/div><p class=\"uagb-ifb-desc\">Naher Osten<\/p><div class=\"uagb-ifb-button-wrapper wp-block-button\"><\/div><\/div><\/div>\n<\/div><\/div>\n<\/div>\n<\/div>\n<\/div><\/div>\n\n\n\n<div class=\"wp-block-uagb-slider-child uagb-slider-child-wrap swiper-slide uagb-block-66e3c44a\"><div class=\"swiper-content\">\n<div class=\"wp-block-columns is-layout-flex wp-container-core-columns-is-layout-28f84493 wp-block-columns-is-layout-flex\" data-block-type=\"core\">\n<div class=\"wp-block-column is-layout-flow wp-block-column-is-layout-flow\" style=\"flex-basis:15%\" data-block-type=\"core\"><\/div>\n\n\n\n<div class=\"wp-block-column is-vertically-aligned-center is-layout-flow wp-block-column-is-layout-flow\" style=\"flex-basis:300px\" data-block-type=\"core\"><\/div>\n\n\n\n<div class=\"wp-block-column is-layout-constrained wp-block-column-is-layout-constrained\" data-block-type=\"core\"><\/div>\n\n\n\n<div class=\"wp-block-column is-layout-constrained wp-block-column-is-layout-constrained\" data-block-type=\"core\">\n<div class=\"wp-block-uagb-container uagb-block-e1054526 alignfull uagb-is-root-container\"><div class=\"uagb-container-inner-blocks-wrap\">\n<div data-aos= \"slide-left\" data-aos-duration=\"400\" data-aos-delay=\"0\" data-aos-easing=\"ease\" data-aos-once=\"true\" class=\"wp-block-uagb-info-box uagb-block-5b33721c uagb-infobox__content-wrap  uagb-infobox_cta-type-all uagb-infobox-icon-above-title uagb-infobox-image-valign-top\"><a href=\"\" class=\"uagb-infobox-link-wrap uagb-infbox__link-to-all\" target=\"_self\" aria-label=\"Infobox Link\" rel=\"noopener noreferrer\" onclick=\"return false;\"><\/a><div class=\"uagb-ifb-content\"><div class=\"uagb-ifb-title-wrap\"><h3 class=\"uagb-ifb-title\">Aerials<\/h3><\/div><p class=\"uagb-ifb-desc\">Schweiz, Naher Osten<\/p><div class=\"uagb-ifb-button-wrapper wp-block-button\"><\/div><\/div><\/div>\n<\/div><\/div>\n<\/div>\n<\/div>\n<\/div><\/div>\n<\/div><\/div><div class=\"swiper-pagination\"><\/div><div class=\"swiper-button-prev\"><\/div><div class=\"swiper-button-next\"><\/div><\/div>\n<\/div>\n<\/div>\n\n\n\n<div class=\"wp-block-columns is-layout-flex wp-container-core-columns-is-layout-60cbf9bb wp-block-columns-is-layout-flex\" style=\"margin-top:50px\" data-block-type=\"core\" data-block-type=\"core\" data-block-type=\"core\">\n<div class=\"wp-block-column is-layout-flow wp-block-column-is-layout-flow\" data-block-type=\"core\">\n<figure class=\"wp-block-image size-full\" data-block-type=\"core\"><img loading=\"lazy\" decoding=\"async\" width=\"822\" height=\"548\" src=\"https:\/\/neupertvisual.ch\/wp-content\/uploads\/2023\/02\/DSC04321-copy.jpg\" alt=\"\" class=\"wp-image-24\" srcset=\"https:\/\/neupertvisual.ch\r\n\/wp-content\/uploads\/2023\/02\/DSC04321-copy.jpg 822w, https:\/\/neupertvisual.ch\r\n\/wp-content\/uploads\/2023\/02\/DSC04321-copy-300x200.jpg 300w, https:\/\/neupertvisual.ch\r\n\/wp-content\/uploads\/2023\/02\/DSC04321-copy-768x512.jpg 768w\" sizes=\"auto, (max-width: 822px) 100vw, 822px\" \/><\/figure>\n<\/div>\n\n\n\n<div class=\"wp-block-column is-vertically-aligned-center is-layout-flow wp-block-column-is-layout-flow\" style=\"flex-basis:50%\" data-block-type=\"core\">\n<h2 class=\"wp-block-heading has-text-align-center\" data-block-type=\"core\">DYNAMISCHE MEDIEN<\/h2>\n\n\n\n<h3 class=\"wp-block-heading has-text-align-center\" data-block-type=\"core\"><em>bis 4K, 3D in Full HD, Multicam&nbsp; &#8211;&nbsp;<\/em><\/h3>\n\n\n\n<p class=\"has-text-align-center\">Kamera, Schnitt,<br>Konzept: Firmenvideos<br>Luftaufnahmen, 3D,<br>Auff\u00fchrungen, Events, Interviews, Portraits,<br>Lernvideos, Musikclips<\/p>\n<\/div>\n<\/div>\n\n\n\n<div class=\"wp-block-columns is-layout-flex wp-container-core-columns-is-layout-ded170fb wp-block-columns-is-layout-flex\" style=\"margin-top:50px;margin-bottom:0\" data-block-type=\"core\">\n<div class=\"wp-block-column is-vertically-aligned-center is-layout-flow wp-block-column-is-layout-flow\" style=\"flex-basis:50%\" data-block-type=\"core\">\n<h2 class=\"wp-block-heading has-text-align-center\" data-block-type=\"core\">PRINTMEDIEN<\/h2>\n\n\n\n<h3 class=\"wp-block-heading has-text-align-center\" data-block-type=\"core\"><em>vom Design bis zur Druckvorstufe<\/em><br>&nbsp;<\/h3>\n\n\n\n<p class=\"has-text-align-center\">Magazine,&nbsp;Brosch\u00fcren, Flyer, Visitenkarten, <br>Briefschaft, Logos, Kalender, Poster, etc.<\/p>\n<\/div>\n\n\n\n<div class=\"wp-block-column is-layout-flow wp-block-column-is-layout-flow\" data-block-type=\"core\">\n<figure class=\"wp-block-image size-large\" data-block-type=\"core\"><img loading=\"lazy\" decoding=\"async\" width=\"1024\" height=\"729\" src=\"https:\/\/neupertvisual.ch\/wp-content\/uploads\/2023\/02\/El-Colle-1024x729.jpg\" alt=\"\" class=\"wp-image-25\" srcset=\"https:\/\/neupertvisual.ch\r\n\/wp-content\/uploads\/2023\/02\/El-Colle-1024x729.jpg 1024w, https:\/\/neupertvisual.ch\r\n\/wp-content\/uploads\/2023\/02\/El-Colle-300x214.jpg 300w, https:\/\/neupertvisual.ch\r\n\/wp-content\/uploads\/2023\/02\/El-Colle-768x547.jpg 768w, https:\/\/neupertvisual.ch\r\n\/wp-content\/uploads\/2023\/02\/El-Colle.jpg 1422w\" sizes=\"auto, (max-width: 1024px) 100vw, 1024px\" \/><\/figure>\n<\/div>\n<\/div>\n\n\n\n<div class=\"wp-block-columns is-layout-flex wp-container-core-columns-is-layout-60cbf9bb wp-block-columns-is-layout-flex\" style=\"margin-top:50px\" data-block-type=\"core\">\n<div class=\"wp-block-column is-layout-flow wp-block-column-is-layout-flow\" data-block-type=\"core\">\n<figure class=\"wp-block-image size-full\" data-block-type=\"core\"><img loading=\"lazy\" decoding=\"async\" width=\"800\" height=\"450\" src=\"https:\/\/neupertvisual.ch\/wp-content\/uploads\/2023\/02\/Ausstellung.jpg\" alt=\"\" class=\"wp-image-26\" srcset=\"https:\/\/neupertvisual.ch\r\n\/wp-content\/uploads\/2023\/02\/Ausstellung.jpg 800w, https:\/\/neupertvisual.ch\r\n\/wp-content\/uploads\/2023\/02\/Ausstellung-300x169.jpg 300w, https:\/\/neupertvisual.ch\r\n\/wp-content\/uploads\/2023\/02\/Ausstellung-768x432.jpg 768w\" sizes=\"auto, (max-width: 800px) 100vw, 800px\" \/><\/figure>\n<\/div>\n\n\n\n<div class=\"wp-block-column is-vertically-aligned-center is-layout-flow wp-block-column-is-layout-flow\" style=\"flex-basis:50%\" data-block-type=\"core\">\n<h2 class=\"wp-block-heading has-text-align-center\" data-block-type=\"core\">PR\u00c4SENTATIONEN<\/h2>\n\n\n\n<h3 class=\"wp-block-heading has-text-align-center\" data-block-type=\"core\"><em>Design und&nbsp;Layout&nbsp;<\/em><\/h3>\n\n\n\n<p class=\"has-text-align-center\">Powerpoint, Keynote,<br>InDesign<br><br>f\u00fcr&nbsp;Druck&nbsp;oder<br>Projektion<\/p>\n<\/div>\n<\/div>\n\n\n\n<div class=\"wp-block-columns is-layout-flex wp-container-core-columns-is-layout-56eb7e9a wp-block-columns-is-layout-flex\" style=\"margin-top:50px;margin-bottom:0\" data-block-type=\"core\">\n<div class=\"wp-block-column is-vertically-aligned-center is-layout-flow wp-block-column-is-layout-flow\" style=\"flex-basis:50%\" data-block-type=\"core\">\n<h2 class=\"wp-block-heading has-text-align-center\" data-block-type=\"core\">FOTOGRAFIE<\/h2>\n\n\n\n<h3 class=\"wp-block-heading has-text-align-center\" data-block-type=\"core\"><em>selber, in Auftrag, oder von bestehendem Archiv<\/em><\/h3>\n\n\n\n<p class=\"has-text-align-center\">Luftfotografie, Natur, Bildkompositionen, Poster, Kalender, <br>Events, Liegen-schaften, Klassenfotos&nbsp;<br>f\u00fcr Schulen oder privat,<br>Archiv, Infrarot-Aufnahmen<\/p>\n<\/div>\n\n\n\n<div class=\"wp-block-column is-layout-flow wp-block-column-is-layout-flow\" data-block-type=\"core\">\n<figure class=\"wp-block-image size-large\" data-block-type=\"core\"><img loading=\"lazy\" decoding=\"async\" width=\"1024\" height=\"608\" src=\"https:\/\/neupertvisual.ch\/wp-content\/uploads\/2023\/02\/Matterhorn-1024x608.jpg\" alt=\"\" class=\"wp-image-27\" srcset=\"https:\/\/neupertvisual.ch\r\n\/wp-content\/uploads\/2023\/02\/Matterhorn-1024x608.jpg 1024w, https:\/\/neupertvisual.ch\r\n\/wp-content\/uploads\/2023\/02\/Matterhorn-300x178.jpg 300w, https:\/\/neupertvisual.ch\r\n\/wp-content\/uploads\/2023\/02\/Matterhorn-768x456.jpg 768w, https:\/\/neupertvisual.ch\r\n\/wp-content\/uploads\/2023\/02\/Matterhorn-1536x912.jpg 1536w, https:\/\/neupertvisual.ch\r\n\/wp-content\/uploads\/2023\/02\/Matterhorn.jpg 1688w\" sizes=\"auto, (max-width: 1024px) 100vw, 1024px\" \/><\/figure>\n<\/div>\n<\/div>\n","protected":false},"excerpt":{"rendered":"<p>PRINTMEDIEN vom Design bis zur Druckvorstufe&nbsp; Magazine,&nbsp;Brosch\u00fcren, Flyer, Visitenkarten, Briefschaft, Logos, Kalender, Poster, etc. PR\u00c4SENTATIONEN Design und&nbsp;Layout&nbsp; Powerpoint, Keynote,InDesign f\u00fcr&nbsp;Druck&nbsp;oderProjektion FOTOGRAFIE selber, in Auftrag, oder von bestehendem Archiv Luftfotografie, Natur, Bildkompositionen, Poster, Kalender, Events, Liegen-schaften, Klassenfotos&nbsp;f\u00fcr Schulen oder privat,Archiv, Infrarot-Aufnahmen<\/p>\n","protected":false},"author":1,"featured_media":0,"parent":0,"menu_order":0,"comment_status":"closed","ping_status":"closed","template":"","meta":{"_uag_custom_page_level_css":"","footnotes":""},"class_list":["post-22","page","type-page","status-publish","hentry"],"blocksy_meta":[],"yoast_head":"<!-- This site is optimized with the Yoast SEO plugin v27.4 - https:\/\/yoast.com\/product\/yoast-seo-wordpress\/ -->\n<title>Angebot -<\/title>\n<meta name=\"robots\" content=\"index, follow, max-snippet:-1, max-image-preview:large, max-video-preview:-1\" \/>\n<link rel=\"canonical\" href=\"https:\/\/neupertvisual.ch\/\" \/>\n<meta property=\"og:locale\" content=\"de_DE\" \/>\n<meta property=\"og:type\" content=\"article\" \/>\n<meta property=\"og:title\" content=\"Angebot -\" \/>\n<meta property=\"og:description\" content=\"PRINTMEDIEN vom Design bis zur Druckvorstufe&nbsp; Magazine,&nbsp;Brosch\u00fcren, Flyer, Visitenkarten, Briefschaft, Logos, Kalender, Poster, etc. PR\u00c4SENTATIONEN Design und&nbsp;Layout&nbsp; Powerpoint, Keynote,InDesign f\u00fcr&nbsp;Druck&nbsp;oderProjektion FOTOGRAFIE selber, in Auftrag, oder von bestehendem Archiv Luftfotografie, Natur, Bildkompositionen, Poster, Kalender, Events, Liegen-schaften, Klassenfotos&nbsp;f\u00fcr Schulen oder privat,Archiv, Infrarot-Aufnahmen\" \/>\n<meta property=\"og:url\" content=\"https:\/\/neupertvisual.ch\/\" \/>\n<meta property=\"article:modified_time\" content=\"2023-07-13T14:16:34+00:00\" \/>\n<meta property=\"og:image\" content=\"https:\/\/neupertvisual.ch\/wp-content\/uploads\/2023\/02\/El-Colle-1024x729.jpg\" \/>\n<meta name=\"twitter:card\" content=\"summary_large_image\" \/>\n<meta name=\"twitter:label1\" content=\"Gesch\u00e4tzte Lesezeit\" \/>\n\t<meta name=\"twitter:data1\" content=\"1\u00a0Minute\" \/>\n<script type=\"application\/ld+json\" class=\"yoast-schema-graph\">{\"@context\":\"https:\\\/\\\/schema.org\",\"@graph\":[{\"@type\":\"WebPage\",\"@id\":\"https:\\\/\\\/neupertvisual.ch\\\/\",\"url\":\"https:\\\/\\\/neupertvisual.ch\\\/\",\"name\":\"Angebot -\",\"isPartOf\":{\"@id\":\"https:\\\/\\\/neupertvisual.ch\\\/#website\"},\"primaryImageOfPage\":{\"@id\":\"https:\\\/\\\/neupertvisual.ch\\\/#primaryimage\"},\"image\":{\"@id\":\"https:\\\/\\\/neupertvisual.ch\\\/#primaryimage\"},\"thumbnailUrl\":\"https:\\\/\\\/neupertvisual.ch\\\/wp-content\\\/uploads\\\/2023\\\/02\\\/El-Colle-1024x729.jpg\",\"datePublished\":\"2023-02-26T07:08:37+00:00\",\"dateModified\":\"2023-07-13T14:16:34+00:00\",\"breadcrumb\":{\"@id\":\"https:\\\/\\\/neupertvisual.ch\\\/#breadcrumb\"},\"inLanguage\":\"de\",\"potentialAction\":[{\"@type\":\"ReadAction\",\"target\":[\"https:\\\/\\\/neupertvisual.ch\\\/\"]}]},{\"@type\":\"ImageObject\",\"inLanguage\":\"de\",\"@id\":\"https:\\\/\\\/neupertvisual.ch\\\/#primaryimage\",\"url\":\"https:\\\/\\\/neupertvisual.ch\\r\\n\\\/wp-content\\\/uploads\\\/2023\\\/02\\\/El-Colle.jpg\",\"contentUrl\":\"https:\\\/\\\/neupertvisual.ch\\r\\n\\\/wp-content\\\/uploads\\\/2023\\\/02\\\/El-Colle.jpg\",\"width\":1422,\"height\":1013},{\"@type\":\"BreadcrumbList\",\"@id\":\"https:\\\/\\\/neupertvisual.ch\\\/#breadcrumb\",\"itemListElement\":[{\"@type\":\"ListItem\",\"position\":1,\"name\":\"Startseite\",\"item\":\"https:\\\/\\\/neupertvisual.ch\\\/\"},{\"@type\":\"ListItem\",\"position\":2,\"name\":\"Angebot\"}]},{\"@type\":\"WebSite\",\"@id\":\"https:\\\/\\\/neupertvisual.ch\\\/#website\",\"url\":\"https:\\\/\\\/neupertvisual.ch\\\/\",\"name\":\"\",\"description\":\"\",\"potentialAction\":[{\"@type\":\"SearchAction\",\"target\":{\"@type\":\"EntryPoint\",\"urlTemplate\":\"https:\\\/\\\/neupertvisual.ch\\\/?s={search_term_string}\"},\"query-input\":{\"@type\":\"PropertyValueSpecification\",\"valueRequired\":true,\"valueName\":\"search_term_string\"}}],\"inLanguage\":\"de\"}]}<\/script>\n<!-- \/ Yoast SEO plugin. -->","yoast_head_json":{"title":"Angebot -","robots":{"index":"index","follow":"follow","max-snippet":"max-snippet:-1","max-image-preview":"max-image-preview:large","max-video-preview":"max-video-preview:-1"},"canonical":"https:\/\/neupertvisual.ch\/","og_locale":"de_DE","og_type":"article","og_title":"Angebot -","og_description":"PRINTMEDIEN vom Design bis zur Druckvorstufe&nbsp; Magazine,&nbsp;Brosch\u00fcren, Flyer, Visitenkarten, Briefschaft, Logos, Kalender, Poster, etc. PR\u00c4SENTATIONEN Design und&nbsp;Layout&nbsp; Powerpoint, Keynote,InDesign f\u00fcr&nbsp;Druck&nbsp;oderProjektion FOTOGRAFIE selber, in Auftrag, oder von bestehendem Archiv Luftfotografie, Natur, Bildkompositionen, Poster, Kalender, Events, Liegen-schaften, Klassenfotos&nbsp;f\u00fcr Schulen oder privat,Archiv, Infrarot-Aufnahmen","og_url":"https:\/\/neupertvisual.ch\/","article_modified_time":"2023-07-13T14:16:34+00:00","og_image":[{"url":"https:\/\/neupertvisual.ch\/wp-content\/uploads\/2023\/02\/El-Colle-1024x729.jpg","type":"","width":"","height":""}],"twitter_card":"summary_large_image","twitter_misc":{"Gesch\u00e4tzte Lesezeit":"1\u00a0Minute"},"schema":{"@context":"https:\/\/schema.org","@graph":[{"@type":"WebPage","@id":"https:\/\/neupertvisual.ch\/","url":"https:\/\/neupertvisual.ch\/","name":"Angebot -","isPartOf":{"@id":"https:\/\/neupertvisual.ch\/#website"},"primaryImageOfPage":{"@id":"https:\/\/neupertvisual.ch\/#primaryimage"},"image":{"@id":"https:\/\/neupertvisual.ch\/#primaryimage"},"thumbnailUrl":"https:\/\/neupertvisual.ch\/wp-content\/uploads\/2023\/02\/El-Colle-1024x729.jpg","datePublished":"2023-02-26T07:08:37+00:00","dateModified":"2023-07-13T14:16:34+00:00","breadcrumb":{"@id":"https:\/\/neupertvisual.ch\/#breadcrumb"},"inLanguage":"de","potentialAction":[{"@type":"ReadAction","target":["https:\/\/neupertvisual.ch\/"]}]},{"@type":"ImageObject","inLanguage":"de","@id":"https:\/\/neupertvisual.ch\/#primaryimage","url":"https:\/\/neupertvisual.ch\r\n\/wp-content\/uploads\/2023\/02\/El-Colle.jpg","contentUrl":"https:\/\/neupertvisual.ch\r\n\/wp-content\/uploads\/2023\/02\/El-Colle.jpg","width":1422,"height":1013},{"@type":"BreadcrumbList","@id":"https:\/\/neupertvisual.ch\/#breadcrumb","itemListElement":[{"@type":"ListItem","position":1,"name":"Startseite","item":"https:\/\/neupertvisual.ch\/"},{"@type":"ListItem","position":2,"name":"Angebot"}]},{"@type":"WebSite","@id":"https:\/\/neupertvisual.ch\/#website","url":"https:\/\/neupertvisual.ch\/","name":"","description":"","potentialAction":[{"@type":"SearchAction","target":{"@type":"EntryPoint","urlTemplate":"https:\/\/neupertvisual.ch\/?s={search_term_string}"},"query-input":{"@type":"PropertyValueSpecification","valueRequired":true,"valueName":"search_term_string"}}],"inLanguage":"de"}]}},"uagb_featured_image_src":{"full":false,"thumbnail":false,"medium":false,"medium_large":false,"large":false,"1536x1536":false,"2048x2048":false},"uagb_author_info":{"display_name":"admin","author_link":"https:\/\/neupertvisual.ch\/?author=1"},"uagb_comment_info":0,"uagb_excerpt":"PRINTMEDIEN vom Design bis zur Druckvorstufe&nbsp; Magazine,&nbsp;Brosch\u00fcren, Flyer, Visitenkarten, Briefschaft, Logos, Kalender, Poster, etc. PR\u00c4SENTATIONEN Design und&nbsp;Layout&nbsp; Powerpoint, Keynote,InDesign f\u00fcr&nbsp;Druck&nbsp;oderProjektion FOTOGRAFIE selber, in Auftrag, oder von bestehendem Archiv Luftfotografie, Natur, Bildkompositionen, Poster, Kalender, Events, Liegen-schaften, Klassenfotos&nbsp;f\u00fcr Schulen oder privat,Archiv, Infrarot-Aufnahmen","_links":{"self":[{"href":"https:\/\/neupertvisual.ch\/index.php?rest_route=\/wp\/v2\/pages\/22","targetHints":{"allow":["GET"]}}],"collection":[{"href":"https:\/\/neupertvisual.ch\/index.php?rest_route=\/wp\/v2\/pages"}],"about":[{"href":"https:\/\/neupertvisual.ch\/index.php?rest_route=\/wp\/v2\/types\/page"}],"author":[{"embeddable":true,"href":"https:\/\/neupertvisual.ch\/index.php?rest_route=\/wp\/v2\/users\/1"}],"replies":[{"embeddable":true,"href":"https:\/\/neupertvisual.ch\/index.php?rest_route=%2Fwp%2Fv2%2Fcomments&post=22"}],"version-history":[{"count":44,"href":"https:\/\/neupertvisual.ch\/index.php?rest_route=\/wp\/v2\/pages\/22\/revisions"}],"predecessor-version":[{"id":505,"href":"https:\/\/neupertvisual.ch\/index.php?rest_route=\/wp\/v2\/pages\/22\/revisions\/505"}],"wp:attachment":[{"href":"https:\/\/neupertvisual.ch\/index.php?rest_route=%2Fwp%2Fv2%2Fmedia&parent=22"}],"curies":[{"name":"wp","href":"https:\/\/api.w.org\/{rel}","templated":true}]}}